{"id":109,"date":"2025-02-17T21:20:10","date_gmt":"2025-02-17T21:20:10","guid":{"rendered":"https:\/\/esttie.com\/?post_type=product&#038;p=109"},"modified":"2026-05-12T08:39:29","modified_gmt":"2026-05-12T08:39:29","slug":"blue-tie-dots","status":"publish","type":"product","link":"https:\/\/esttie.com\/et\/toode\/blue-tie-dots\/","title":{"rendered":"Sinine lips siniste ruutudega"},"content":{"rendered":"<p>Sini-Must-Valge ruuduline lips<\/p>\n<p>K\u00f5ik meie lipsud on pakendatud musta aknaga kinkekarpi, vaadake toote pilte. Kui soovite olla meie edasim\u00fc\u00fcja ja tellite v\u00e4hemalt 50 lipsu korraga, on Teil v\u00f5imalus paluda karbile panna mistahes lipu v\u00e4rvides v\u00f5i logoga kleepekas. See on Teie jaoks t\u00e4iesti TASUTA teenus. Meie eesm\u00e4rgiks on, et kliendid ei unustaks, millisest poest v\u00f5i riigist nad lipsu ostsid.<\/p>\n<p>Kui Teil on veel ettepanekuid, kuidas enda m\u00fc\u00fcki kliendis\u00f5bralikumaks muuta, andke meile sellest palun teada. Kuniks klient on rahul, oleme ka meie rahul. K\u00f5ik Teie head idee on oodatud l\u00e4bi meie <a href=\"https:\/\/esttie.com\/et\/contact-us\/\" target=\"_blank\" rel=\"noopener\">Kontakt<\/a> lehelt.<\/p>\n<p>Suuremaid koguseid tellides \u00e4ra unusta kasutada sooduskoode, mis leiad meie <a href=\"https:\/\/esttie.com\/et\/coupons\/\" target=\"_blank\" rel=\"noopener\">SOODUS<\/a> lehelt.<\/p>\n<p>M\u00f5\u00f5dud<\/p>\n<p>Pikkus 150cm<\/p>\n<p>Tipu laius 7.5cm<\/p>\n<p>Ait\u00e4h, et ostled meie juures!<\/p>","protected":false},"excerpt":{"rendered":"<p>Kui soovite olla meie edasim\u00fc\u00fcja, siis palun lugege  toote kirjeldust!<\/p>","protected":false},"featured_media":110,"template":"","meta":{"_monsterinsights_skip_tracking":false,"_monsterinsights_sitenote_active":false,"_monsterinsights_sitenote_note":"","_monsterinsights_sitenote_category":0},"product_brand":[],"product_cat":[21],"product_tag":[],"class_list":{"0":"post-109","1":"product","2":"type-product","3":"status-publish","4":"has-post-thumbnail","6":"product_cat-mens-neckties","8":"first","9":"instock","10":"sale","11":"taxable","12":"shipping-taxable","13":"purchasable","14":"product-type-simple"},"yoast_head":"<!-- This site is optimized with the Yoast SEO plugin v27.6 - https:\/\/yoast.com\/product\/yoast-seo-wordpress\/ -->\n<title>Blue tie with blue dots - EstTie<\/title>\n<meta name=\"robots\" content=\"index, follow, max-snippet:-1, max-image-preview:large, max-video-preview:-1\" \/>\n<link rel=\"canonical\" href=\"https:\/\/esttie.com\/et\/toode\/blue-tie-dots\/\" \/>\n<meta property=\"og:locale\" content=\"et_EE\" \/>\n<meta property=\"og:type\" content=\"article\" \/>\n<meta property=\"og:title\" content=\"Blue tie with blue dots - EstTie\" \/>\n<meta property=\"og:description\" content=\"If you are looking for wholesale prices, please read product description!\" \/>\n<meta property=\"og:url\" content=\"https:\/\/esttie.com\/et\/toode\/blue-tie-dots\/\" \/>\n<meta property=\"og:site_name\" content=\"EstTie\" \/>\n<meta property=\"article:modified_time\" content=\"2026-05-12T08:39:29+00:00\" \/>\n<meta property=\"og:image\" content=\"http:\/\/esttie.com\/wp-content\/uploads\/2025\/02\/tie-blue-blue-dots-113.png\" \/>\n\t<meta property=\"og:image:width\" content=\"1000\" \/>\n\t<meta property=\"og:image:height\" content=\"1000\" \/>\n\t<meta property=\"og:image:type\" content=\"image\/png\" \/>\n<meta name=\"twitter:card\" content=\"summary_large_image\" \/>\n<meta name=\"twitter:label1\" content=\"Est. reading time\" \/>\n\t<meta name=\"twitter:data1\" content=\"1 minut\" \/>\n<script type=\"application\/ld+json\" class=\"yoast-schema-graph\">{\"@context\":\"https:\\\/\\\/schema.org\",\"@graph\":[{\"@type\":\"WebPage\",\"@id\":\"https:\\\/\\\/esttie.com\\\/product\\\/blue-tie-dots\\\/\",\"url\":\"https:\\\/\\\/esttie.com\\\/product\\\/blue-tie-dots\\\/\",\"name\":\"Blue tie with blue dots - EstTie\",\"isPartOf\":{\"@id\":\"https:\\\/\\\/esttie.com\\\/#website\"},\"primaryImageOfPage\":{\"@id\":\"https:\\\/\\\/esttie.com\\\/product\\\/blue-tie-dots\\\/#primaryimage\"},\"image\":{\"@id\":\"https:\\\/\\\/esttie.com\\\/product\\\/blue-tie-dots\\\/#primaryimage\"},\"thumbnailUrl\":\"https:\\\/\\\/esttie.com\\\/wp-content\\\/uploads\\\/2025\\\/02\\\/tie-blue-blue-dots-113.png\",\"datePublished\":\"2025-02-17T21:20:10+00:00\",\"dateModified\":\"2026-05-12T08:39:29+00:00\",\"breadcrumb\":{\"@id\":\"https:\\\/\\\/esttie.com\\\/product\\\/blue-tie-dots\\\/#breadcrumb\"},\"inLanguage\":\"et\",\"potentialAction\":[{\"@type\":\"ReadAction\",\"target\":[\"https:\\\/\\\/esttie.com\\\/product\\\/blue-tie-dots\\\/\"]}]},{\"@type\":\"ImageObject\",\"inLanguage\":\"et\",\"@id\":\"https:\\\/\\\/esttie.com\\\/product\\\/blue-tie-dots\\\/#primaryimage\",\"url\":\"https:\\\/\\\/esttie.com\\\/wp-content\\\/uploads\\\/2025\\\/02\\\/tie-blue-blue-dots-113.png\",\"contentUrl\":\"https:\\\/\\\/esttie.com\\\/wp-content\\\/uploads\\\/2025\\\/02\\\/tie-blue-blue-dots-113.png\",\"width\":1000,\"height\":1000},{\"@type\":\"BreadcrumbList\",\"@id\":\"https:\\\/\\\/esttie.com\\\/product\\\/blue-tie-dots\\\/#breadcrumb\",\"itemListElement\":[{\"@type\":\"ListItem\",\"position\":1,\"name\":\"Home\",\"item\":\"https:\\\/\\\/esttie.com\\\/\"},{\"@type\":\"ListItem\",\"position\":2,\"name\":\"Shop\",\"item\":\"https:\\\/\\\/esttie.com\\\/shop\\\/\"},{\"@type\":\"ListItem\",\"position\":3,\"name\":\"Blue tie with blue dots\"}]},{\"@type\":\"WebSite\",\"@id\":\"https:\\\/\\\/esttie.com\\\/#website\",\"url\":\"https:\\\/\\\/esttie.com\\\/\",\"name\":\"EstTie\",\"description\":\"Stiilsed meeste lipsud super soodsate hindadega!\",\"potentialAction\":[{\"@type\":\"SearchAction\",\"target\":{\"@type\":\"EntryPoint\",\"urlTemplate\":\"https:\\\/\\\/esttie.com\\\/?s={search_term_string}\"},\"query-input\":{\"@type\":\"PropertyValueSpecification\",\"valueRequired\":true,\"valueName\":\"search_term_string\"}}],\"inLanguage\":\"et\"}]}<\/script>\n<!-- \/ Yoast SEO plugin. -->","yoast_head_json":{"title":"Blue tie with blue dots - EstTie","robots":{"index":"index","follow":"follow","max-snippet":"max-snippet:-1","max-image-preview":"max-image-preview:large","max-video-preview":"max-video-preview:-1"},"canonical":"https:\/\/esttie.com\/et\/toode\/blue-tie-dots\/","og_locale":"et_EE","og_type":"article","og_title":"Blue tie with blue dots - EstTie","og_description":"If you are looking for wholesale prices, please read product description!","og_url":"https:\/\/esttie.com\/et\/toode\/blue-tie-dots\/","og_site_name":"EstTie","article_modified_time":"2026-05-12T08:39:29+00:00","og_image":[{"width":1000,"height":1000,"url":"http:\/\/esttie.com\/wp-content\/uploads\/2025\/02\/tie-blue-blue-dots-113.png","type":"image\/png"}],"twitter_card":"summary_large_image","twitter_misc":{"Est. reading time":"1 minut"},"schema":{"@context":"https:\/\/schema.org","@graph":[{"@type":"WebPage","@id":"https:\/\/esttie.com\/product\/blue-tie-dots\/","url":"https:\/\/esttie.com\/product\/blue-tie-dots\/","name":"Blue tie with blue dots - EstTie","isPartOf":{"@id":"https:\/\/esttie.com\/#website"},"primaryImageOfPage":{"@id":"https:\/\/esttie.com\/product\/blue-tie-dots\/#primaryimage"},"image":{"@id":"https:\/\/esttie.com\/product\/blue-tie-dots\/#primaryimage"},"thumbnailUrl":"https:\/\/esttie.com\/wp-content\/uploads\/2025\/02\/tie-blue-blue-dots-113.png","datePublished":"2025-02-17T21:20:10+00:00","dateModified":"2026-05-12T08:39:29+00:00","breadcrumb":{"@id":"https:\/\/esttie.com\/product\/blue-tie-dots\/#breadcrumb"},"inLanguage":"et","potentialAction":[{"@type":"ReadAction","target":["https:\/\/esttie.com\/product\/blue-tie-dots\/"]}]},{"@type":"ImageObject","inLanguage":"et","@id":"https:\/\/esttie.com\/product\/blue-tie-dots\/#primaryimage","url":"https:\/\/esttie.com\/wp-content\/uploads\/2025\/02\/tie-blue-blue-dots-113.png","contentUrl":"https:\/\/esttie.com\/wp-content\/uploads\/2025\/02\/tie-blue-blue-dots-113.png","width":1000,"height":1000},{"@type":"BreadcrumbList","@id":"https:\/\/esttie.com\/product\/blue-tie-dots\/#breadcrumb","itemListElement":[{"@type":"ListItem","position":1,"name":"Home","item":"https:\/\/esttie.com\/"},{"@type":"ListItem","position":2,"name":"Shop","item":"https:\/\/esttie.com\/shop\/"},{"@type":"ListItem","position":3,"name":"Blue tie with blue dots"}]},{"@type":"WebSite","@id":"https:\/\/esttie.com\/#website","url":"https:\/\/esttie.com\/","name":"EstTie","description":"Stiilsed meeste lipsud super soodsate hindadega!","potentialAction":[{"@type":"SearchAction","target":{"@type":"EntryPoint","urlTemplate":"https:\/\/esttie.com\/?s={search_term_string}"},"query-input":{"@type":"PropertyValueSpecification","valueRequired":true,"valueName":"search_term_string"}}],"inLanguage":"et"}]}},"_links":{"self":[{"href":"https:\/\/esttie.com\/et\/wp-json\/wp\/v2\/product\/109","targetHints":{"allow":["GET"]}}],"collection":[{"href":"https:\/\/esttie.com\/et\/wp-json\/wp\/v2\/product"}],"about":[{"href":"https:\/\/esttie.com\/et\/wp-json\/wp\/v2\/types\/product"}],"wp:featuredmedia":[{"embeddable":true,"href":"https:\/\/esttie.com\/et\/wp-json\/wp\/v2\/media\/110"}],"wp:attachment":[{"href":"https:\/\/esttie.com\/et\/wp-json\/wp\/v2\/media?parent=109"}],"wp:term":[{"taxonomy":"product_brand","embeddable":true,"href":"https:\/\/esttie.com\/et\/wp-json\/wp\/v2\/product_brand?post=109"},{"taxonomy":"product_cat","embeddable":true,"href":"https:\/\/esttie.com\/et\/wp-json\/wp\/v2\/product_cat?post=109"},{"taxonomy":"product_tag","embeddable":true,"href":"https:\/\/esttie.com\/et\/wp-json\/wp\/v2\/product_tag?post=109"}],"curies":[{"name":"wp","href":"https:\/\/api.w.org\/{rel}","templated":true}]}}