{"id":38,"date":"2025-02-17T20:01:50","date_gmt":"2025-02-17T20:01:50","guid":{"rendered":"https:\/\/esttie.com\/?page_id=38"},"modified":"2026-02-16T10:02:13","modified_gmt":"2026-02-16T10:02:13","slug":"coupons","status":"publish","type":"page","link":"https:\/\/esttie.com\/et\/coupons\/","title":{"rendered":"SOODUS"},"content":{"rendered":"<p>Me hindame Teie aega ja raha. Seet\u00f5ttu \u00fcritame teha ostmise nii mugavaks ja l\u00e4bipaistvaks, kui v\u00e4hegi oskame. Kuna hulgi on alati soodsam, siis oleme oma lehele teinud 4 erinevat sooduskoodi- MIN10, MIN30, MIN 50 ja MIN75. Ehk siis mida rohkem korraga tellite, seda soodsamaks ka hind l\u00e4heb.  N\u00e4iteks, kui Teil on ostukorvis v\u00e4hemalt 50 lipsu, siis kasutage kassas sooduskoodi MIN50 ja te saate soodushinnaks k\u00f5igest 9\u20ac\/lips. Aga pidage meeles, et soodskoodid kehtivad alates teatud v\u00e4\u00e4rtusest, MIN50 sooduskoodi kasutamiseks peab Teie ostukorvi suurus olema v\u00e4hemalt 50 lipsu hinnaga.<\/p>\n<p>Meie sooduskoodid on j\u00e4rgnevad:<\/p>\n<p>MIN10- Ostes v\u00e4hemalt 10 lipsu, on \u00fche lipsu hinnaks 8.95\u20ac<\/p>\n<p>MIN30- Ostes v\u00e4hemalt 30 lipsu, on \u00fche lipsu hinnaks 7.95\u20ac<\/p>\n<p>MIN50- Ostes v\u00e4hemalt 50 lipsu, on \u00fche lipsu hinnaks 6.95\u20ac<\/p>\n<p>MIN75- Ostes v\u00e4hemalt 75 lipsu, on \u00fche lipsu hinnaks 5.95\u20ac<\/p>\n<p>NB: Kui soovite korraga osta rohkem, kui 100 lipsu, siis v\u00f5tke palun meiega \u00fchendust l\u00e4bi\u00a0<a href=\"https:\/\/esttie.com\/et\/contact\/\"><strong>Kontaktivormi<\/strong><\/a>\u00a0ja teeme teile personaalse hinna<\/p>","protected":false},"excerpt":{"rendered":"<p>We value your time and money. Therefore we try to make your buying experience as comfortable as we can. So here are the coupons for you to save your money. We have 4 different coupons- MIN10, MIN30, MIN50 and MIN75. The more you order, the cheaper is the price. In the checkout page, insert into [&hellip;]<\/p>\n","protected":false},"author":1,"featured_media":0,"parent":0,"menu_order":0,"comment_status":"closed","ping_status":"closed","template":"","meta":{"_monsterinsights_skip_tracking":false,"_monsterinsights_sitenote_active":false,"_monsterinsights_sitenote_note":"","_monsterinsights_sitenote_category":0,"footnotes":""},"class_list":["post-38","page","type-page","status-publish","hentry"],"yoast_head":"<!-- This site is optimized with the Yoast SEO plugin v27.6 - https:\/\/yoast.com\/product\/yoast-seo-wordpress\/ -->\n<title>Coupons - EstTie<\/title>\n<meta name=\"robots\" content=\"index, follow, max-snippet:-1, max-image-preview:large, max-video-preview:-1\" \/>\n<link rel=\"canonical\" href=\"https:\/\/esttie.com\/et\/coupons\/\" \/>\n<meta property=\"og:locale\" content=\"et_EE\" \/>\n<meta property=\"og:type\" content=\"article\" \/>\n<meta property=\"og:title\" content=\"Coupons - EstTie\" \/>\n<meta property=\"og:description\" content=\"We value your time and money. Therefore we try to make your buying experience as comfortable as we can. So here are the coupons for you to save your money. We have 4 different coupons- MIN10, MIN30, MIN50 and MIN75. The more you order, the cheaper is the price. In the checkout page, insert into [&hellip;]\" \/>\n<meta property=\"og:url\" content=\"https:\/\/esttie.com\/et\/coupons\/\" \/>\n<meta property=\"og:site_name\" content=\"EstTie\" \/>\n<meta property=\"article:modified_time\" content=\"2026-02-16T10:02:13+00:00\" \/>\n<meta name=\"twitter:card\" content=\"summary_large_image\" \/>\n<meta name=\"twitter:label1\" content=\"Est. reading time\" \/>\n\t<meta name=\"twitter:data1\" content=\"1 minut\" \/>\n<script type=\"application\/ld+json\" class=\"yoast-schema-graph\">{\"@context\":\"https:\\\/\\\/schema.org\",\"@graph\":[{\"@type\":\"WebPage\",\"@id\":\"https:\\\/\\\/esttie.com\\\/coupons\\\/\",\"url\":\"https:\\\/\\\/esttie.com\\\/coupons\\\/\",\"name\":\"Coupons - EstTie\",\"isPartOf\":{\"@id\":\"https:\\\/\\\/esttie.com\\\/#website\"},\"datePublished\":\"2025-02-17T20:01:50+00:00\",\"dateModified\":\"2026-02-16T10:02:13+00:00\",\"breadcrumb\":{\"@id\":\"https:\\\/\\\/esttie.com\\\/coupons\\\/#breadcrumb\"},\"inLanguage\":\"et\",\"potentialAction\":[{\"@type\":\"ReadAction\",\"target\":[\"https:\\\/\\\/esttie.com\\\/coupons\\\/\"]}]},{\"@type\":\"BreadcrumbList\",\"@id\":\"https:\\\/\\\/esttie.com\\\/coupons\\\/#breadcrumb\",\"itemListElement\":[{\"@type\":\"ListItem\",\"position\":1,\"name\":\"Home\",\"item\":\"https:\\\/\\\/esttie.com\\\/\"},{\"@type\":\"ListItem\",\"position\":2,\"name\":\"Coupons\"}]},{\"@type\":\"WebSite\",\"@id\":\"https:\\\/\\\/esttie.com\\\/#website\",\"url\":\"https:\\\/\\\/esttie.com\\\/\",\"name\":\"EstTie\",\"description\":\"Stiilsed meeste lipsud super soodsate hindadega!\",\"potentialAction\":[{\"@type\":\"SearchAction\",\"target\":{\"@type\":\"EntryPoint\",\"urlTemplate\":\"https:\\\/\\\/esttie.com\\\/?s={search_term_string}\"},\"query-input\":{\"@type\":\"PropertyValueSpecification\",\"valueRequired\":true,\"valueName\":\"search_term_string\"}}],\"inLanguage\":\"et\"}]}<\/script>\n<!-- \/ Yoast SEO plugin. -->","yoast_head_json":{"title":"Coupons - EstTie","robots":{"index":"index","follow":"follow","max-snippet":"max-snippet:-1","max-image-preview":"max-image-preview:large","max-video-preview":"max-video-preview:-1"},"canonical":"https:\/\/esttie.com\/et\/coupons\/","og_locale":"et_EE","og_type":"article","og_title":"Coupons - EstTie","og_description":"We value your time and money. Therefore we try to make your buying experience as comfortable as we can. So here are the coupons for you to save your money. We have 4 different coupons- MIN10, MIN30, MIN50 and MIN75. The more you order, the cheaper is the price. In the checkout page, insert into [&hellip;]","og_url":"https:\/\/esttie.com\/et\/coupons\/","og_site_name":"EstTie","article_modified_time":"2026-02-16T10:02:13+00:00","twitter_card":"summary_large_image","twitter_misc":{"Est. reading time":"1 minut"},"schema":{"@context":"https:\/\/schema.org","@graph":[{"@type":"WebPage","@id":"https:\/\/esttie.com\/coupons\/","url":"https:\/\/esttie.com\/coupons\/","name":"Coupons - EstTie","isPartOf":{"@id":"https:\/\/esttie.com\/#website"},"datePublished":"2025-02-17T20:01:50+00:00","dateModified":"2026-02-16T10:02:13+00:00","breadcrumb":{"@id":"https:\/\/esttie.com\/coupons\/#breadcrumb"},"inLanguage":"et","potentialAction":[{"@type":"ReadAction","target":["https:\/\/esttie.com\/coupons\/"]}]},{"@type":"BreadcrumbList","@id":"https:\/\/esttie.com\/coupons\/#breadcrumb","itemListElement":[{"@type":"ListItem","position":1,"name":"Home","item":"https:\/\/esttie.com\/"},{"@type":"ListItem","position":2,"name":"Coupons"}]},{"@type":"WebSite","@id":"https:\/\/esttie.com\/#website","url":"https:\/\/esttie.com\/","name":"EstTie","description":"Stiilsed meeste lipsud super soodsate hindadega!","potentialAction":[{"@type":"SearchAction","target":{"@type":"EntryPoint","urlTemplate":"https:\/\/esttie.com\/?s={search_term_string}"},"query-input":{"@type":"PropertyValueSpecification","valueRequired":true,"valueName":"search_term_string"}}],"inLanguage":"et"}]}},"_links":{"self":[{"href":"https:\/\/esttie.com\/et\/wp-json\/wp\/v2\/pages\/38","targetHints":{"allow":["GET"]}}],"collection":[{"href":"https:\/\/esttie.com\/et\/wp-json\/wp\/v2\/pages"}],"about":[{"href":"https:\/\/esttie.com\/et\/wp-json\/wp\/v2\/types\/page"}],"author":[{"embeddable":true,"href":"https:\/\/esttie.com\/et\/wp-json\/wp\/v2\/users\/1"}],"replies":[{"embeddable":true,"href":"https:\/\/esttie.com\/et\/wp-json\/wp\/v2\/comments?post=38"}],"version-history":[{"count":5,"href":"https:\/\/esttie.com\/et\/wp-json\/wp\/v2\/pages\/38\/revisions"}],"predecessor-version":[{"id":40,"href":"https:\/\/esttie.com\/et\/wp-json\/wp\/v2\/pages\/38\/revisions\/40"}],"wp:attachment":[{"href":"https:\/\/esttie.com\/et\/wp-json\/wp\/v2\/media?parent=38"}],"curies":[{"name":"wp","href":"https:\/\/api.w.org\/{rel}","templated":true}]}}