{"id":2,"date":"2025-02-17T18:55:23","date_gmt":"2025-02-17T18:55:23","guid":{"rendered":"http:\/\/esttie.com\/?page_id=2"},"modified":"2025-02-18T19:12:47","modified_gmt":"2025-02-18T19:12:47","slug":"about-us","status":"publish","type":"page","link":"https:\/\/esttie.com\/et\/about-us\/","title":{"rendered":"Meist"},"content":{"rendered":"<p>Sellised me oleme<\/p>\r\n<p>Idee hakata tegelema meeste lipsude kui suveniiride ja kingituste m\u00fc\u00fcgiga sai alguse meie endi kogemusest. Oleme suured reisis\u00f5brad, aga tahaks ju igast reisist midagi ka endaga koju kaasa v\u00f5tta, k\u00fclmkapi magentid aga on igavad. Ja nii me otsisime m\u00f6\u00f6da Euroopat taga seda miskit, mida v\u00f5iks peale meie ka paljud teised koguma hakata. L\u00f5puks j\u00f5udsime Maltal meeste lipsudeni. See m\u00f5te meeldis meile kohe nii palju, et t\u00e4na on meil Eestis, t\u00e4psemalt P\u00e4rnus, korralik ladu, kus lipsud m\u00fc\u00fcmist ootavad. Ka tootja on olemas, kes just meie vajadustele vastavaid lipsusid \u00f5mbleb.<\/p>\r\n<p>K\u00fcsimuste korral v\u00f5tke meiega julgesti \u00fchendust l\u00e4bi <a href=\"https:\/\/esttie.com\/et\/contact-us\/\">Kontaktivormi<\/a> .\u00a0<\/p>\r\n<p>M\u00f5nusaid reisielamusi ja \u00e4rge siis unustage reisidelt ka lipse koju kaasa osta \ud83d\ude09<\/p>\r\n<p style=\"text-align: center;\">Sirly Ja Olav<\/p>","protected":false},"excerpt":{"rendered":"<p>This is us The idea to sell neckties as souvenirs or gifts came from our personal need. We like to travel and as we don\u2019t care about magnets, the idea to sell neckties came to our minds. When travelling, you want to buy something to remember the place, you are in at that moment. But [&hellip;]<\/p>\n","protected":false},"author":1,"featured_media":0,"parent":0,"menu_order":0,"comment_status":"closed","ping_status":"open","template":"","meta":{"_monsterinsights_skip_tracking":false,"_monsterinsights_sitenote_active":false,"_monsterinsights_sitenote_note":"","_monsterinsights_sitenote_category":0,"footnotes":""},"class_list":["post-2","page","type-page","status-publish","hentry"],"yoast_head":"<!-- This site is optimized with the Yoast SEO plugin v27.6 - https:\/\/yoast.com\/product\/yoast-seo-wordpress\/ -->\n<title>About Us - EstTie<\/title>\n<meta name=\"robots\" content=\"index, follow, max-snippet:-1, max-image-preview:large, max-video-preview:-1\" \/>\n<link rel=\"canonical\" href=\"https:\/\/esttie.com\/et\/about-us\/\" \/>\n<meta property=\"og:locale\" content=\"et_EE\" \/>\n<meta property=\"og:type\" content=\"article\" \/>\n<meta property=\"og:title\" content=\"About Us - EstTie\" \/>\n<meta property=\"og:description\" content=\"This is us The idea to sell neckties as souvenirs or gifts came from our personal need. We like to travel and as we don\u2019t care about magnets, the idea to sell neckties came to our minds. When travelling, you want to buy something to remember the place, you are in at that moment. But [&hellip;]\" \/>\n<meta property=\"og:url\" content=\"https:\/\/esttie.com\/et\/about-us\/\" \/>\n<meta property=\"og:site_name\" content=\"EstTie\" \/>\n<meta property=\"article:modified_time\" content=\"2025-02-18T19:12:47+00:00\" \/>\n<meta name=\"twitter:card\" content=\"summary_large_image\" \/>\n<meta name=\"twitter:label1\" content=\"Est. reading time\" \/>\n\t<meta name=\"twitter:data1\" content=\"1 minut\" \/>\n<script type=\"application\/ld+json\" class=\"yoast-schema-graph\">{\"@context\":\"https:\\\/\\\/schema.org\",\"@graph\":[{\"@type\":\"WebPage\",\"@id\":\"https:\\\/\\\/esttie.com\\\/about-us\\\/\",\"url\":\"https:\\\/\\\/esttie.com\\\/about-us\\\/\",\"name\":\"About Us - EstTie\",\"isPartOf\":{\"@id\":\"https:\\\/\\\/esttie.com\\\/#website\"},\"datePublished\":\"2025-02-17T18:55:23+00:00\",\"dateModified\":\"2025-02-18T19:12:47+00:00\",\"breadcrumb\":{\"@id\":\"https:\\\/\\\/esttie.com\\\/about-us\\\/#breadcrumb\"},\"inLanguage\":\"et\",\"potentialAction\":[{\"@type\":\"ReadAction\",\"target\":[\"https:\\\/\\\/esttie.com\\\/about-us\\\/\"]}]},{\"@type\":\"BreadcrumbList\",\"@id\":\"https:\\\/\\\/esttie.com\\\/about-us\\\/#breadcrumb\",\"itemListElement\":[{\"@type\":\"ListItem\",\"position\":1,\"name\":\"Home\",\"item\":\"https:\\\/\\\/esttie.com\\\/\"},{\"@type\":\"ListItem\",\"position\":2,\"name\":\"About Us\"}]},{\"@type\":\"WebSite\",\"@id\":\"https:\\\/\\\/esttie.com\\\/#website\",\"url\":\"https:\\\/\\\/esttie.com\\\/\",\"name\":\"EstTie\",\"description\":\"Stiilsed meeste lipsud super soodsate hindadega!\",\"potentialAction\":[{\"@type\":\"SearchAction\",\"target\":{\"@type\":\"EntryPoint\",\"urlTemplate\":\"https:\\\/\\\/esttie.com\\\/?s={search_term_string}\"},\"query-input\":{\"@type\":\"PropertyValueSpecification\",\"valueRequired\":true,\"valueName\":\"search_term_string\"}}],\"inLanguage\":\"et\"}]}<\/script>\n<!-- \/ Yoast SEO plugin. -->","yoast_head_json":{"title":"About Us - EstTie","robots":{"index":"index","follow":"follow","max-snippet":"max-snippet:-1","max-image-preview":"max-image-preview:large","max-video-preview":"max-video-preview:-1"},"canonical":"https:\/\/esttie.com\/et\/about-us\/","og_locale":"et_EE","og_type":"article","og_title":"About Us - EstTie","og_description":"This is us The idea to sell neckties as souvenirs or gifts came from our personal need. We like to travel and as we don\u2019t care about magnets, the idea to sell neckties came to our minds. When travelling, you want to buy something to remember the place, you are in at that moment. But [&hellip;]","og_url":"https:\/\/esttie.com\/et\/about-us\/","og_site_name":"EstTie","article_modified_time":"2025-02-18T19:12:47+00:00","twitter_card":"summary_large_image","twitter_misc":{"Est. reading time":"1 minut"},"schema":{"@context":"https:\/\/schema.org","@graph":[{"@type":"WebPage","@id":"https:\/\/esttie.com\/about-us\/","url":"https:\/\/esttie.com\/about-us\/","name":"About Us - EstTie","isPartOf":{"@id":"https:\/\/esttie.com\/#website"},"datePublished":"2025-02-17T18:55:23+00:00","dateModified":"2025-02-18T19:12:47+00:00","breadcrumb":{"@id":"https:\/\/esttie.com\/about-us\/#breadcrumb"},"inLanguage":"et","potentialAction":[{"@type":"ReadAction","target":["https:\/\/esttie.com\/about-us\/"]}]},{"@type":"BreadcrumbList","@id":"https:\/\/esttie.com\/about-us\/#breadcrumb","itemListElement":[{"@type":"ListItem","position":1,"name":"Home","item":"https:\/\/esttie.com\/"},{"@type":"ListItem","position":2,"name":"About Us"}]},{"@type":"WebSite","@id":"https:\/\/esttie.com\/#website","url":"https:\/\/esttie.com\/","name":"EstTie","description":"Stiilsed meeste lipsud super soodsate hindadega!","potentialAction":[{"@type":"SearchAction","target":{"@type":"EntryPoint","urlTemplate":"https:\/\/esttie.com\/?s={search_term_string}"},"query-input":{"@type":"PropertyValueSpecification","valueRequired":true,"valueName":"search_term_string"}}],"inLanguage":"et"}]}},"_links":{"self":[{"href":"https:\/\/esttie.com\/et\/wp-json\/wp\/v2\/pages\/2","targetHints":{"allow":["GET"]}}],"collection":[{"href":"https:\/\/esttie.com\/et\/wp-json\/wp\/v2\/pages"}],"about":[{"href":"https:\/\/esttie.com\/et\/wp-json\/wp\/v2\/types\/page"}],"author":[{"embeddable":true,"href":"https:\/\/esttie.com\/et\/wp-json\/wp\/v2\/users\/1"}],"replies":[{"embeddable":true,"href":"https:\/\/esttie.com\/et\/wp-json\/wp\/v2\/comments?post=2"}],"version-history":[{"count":4,"href":"https:\/\/esttie.com\/et\/wp-json\/wp\/v2\/pages\/2\/revisions"}],"predecessor-version":[{"id":156,"href":"https:\/\/esttie.com\/et\/wp-json\/wp\/v2\/pages\/2\/revisions\/156"}],"wp:attachment":[{"href":"https:\/\/esttie.com\/et\/wp-json\/wp\/v2\/media?parent=2"}],"curies":[{"name":"wp","href":"https:\/\/api.w.org\/{rel}","templated":true}]}}